{"id":1006,"date":"2021-01-02T17:46:02","date_gmt":"2021-01-02T17:46:02","guid":{"rendered":"https:\/\/pfadfinder-kirchzarten.de\/?page_id=1006"},"modified":"2021-04-02T22:47:15","modified_gmt":"2021-04-02T20:47:15","slug":"heiliger-georg","status":"publish","type":"page","link":"https:\/\/pfadfinder-kirchzarten.de\/index.php\/unser-stamm\/heiliger-georg\/","title":{"rendered":"Heiliger Georg"},"content":{"rendered":"<div data-colibri-id=\"1006-c1\" class=\"style-653 style-local-1006-c1 position-relative\">\n  <!---->\n  <div data-colibri-component=\"section\" data-colibri-id=\"1006-c2\" id=\"custom\" class=\"h-section h-section-global-spacing d-flex align-items-lg-center align-items-md-center align-items-center style-654 style-local-1006-c2 position-relative\">\n    <!---->\n    <!---->\n    <div class=\"h-section-grid-container h-section-boxed-container\">\n      <!---->\n      <div data-colibri-id=\"1006-c3\" class=\"h-row-container gutters-row-lg-2 gutters-row-md-2 gutters-row-0 gutters-row-v-lg-2 gutters-row-v-md-2 gutters-row-v-2 style-655 style-local-1006-c3 position-relative\">\n        <!---->\n        <div class=\"h-row justify-content-lg-center justify-content-md-center justify-content-center align-items-lg-stretch align-items-md-stretch align-items-stretch gutters-col-lg-2 gutters-col-md-2 gutters-col-0 gutters-col-v-lg-2 gutters-col-v-md-2 gutters-col-v-2\">\n          <!---->\n          <div class=\"h-column h-column-container d-flex h-col-lg-auto h-col-md-auto h-col-auto style-656-outer style-local-1006-c4-outer\">\n            <div data-colibri-id=\"1006-c4\" class=\"d-flex h-flex-basis h-column__inner h-px-lg-2 h-px-md-2 h-px-2 v-inner-lg-2 v-inner-md-2 v-inner-2 style-656 style-local-1006-c4 position-relative\">\n              <!---->\n              <!---->\n              <div class=\"w-100 h-y-container h-column__content h-column__v-align flex-basis-100 align-self-lg-start align-self-md-start align-self-start\">\n                <!---->\n                <div data-colibri-id=\"1006-c5\" class=\"h-text h-text-component style-658 style-local-1006-c5 position-relative h-element\">\n                  <!---->\n                  <!---->\n                  <div class=\"\">\n                    <p>Der <strong>Heilige Georg<\/strong> ist der\n                      <a href=\"https:\/\/www.scout-o-wiki.de\/index.php?title=Patrone_der_Pfadfinder\">Schutzpatron der Pfadfinder<\/a>.\n                      <a href=\"https:\/\/www.scout-o-wiki.de\/index.php?title=Baden-Powell\">Baden-Powell<\/a> hat ihn ausgew\u00e4hlt, da er Ritter war und\n                      <a href=\"https:\/\/www.scout-o-wiki.de\/index.php?title=BiPi\">BiPi<\/a> gro\u00dfen Wert auf ritterliches Verhalten gelegt hat. Der\n                      <a href=\"https:\/\/www.scout-o-wiki.de\/index.php?title=Georgstag\">Georgstag<\/a> ist der 23. April.<\/p>\n                  <\/div>\n                <\/div>\n                <div data-colibri-id=\"1006-c6\" class=\"h-global-transition-all h-heading style-659 style-local-1006-c6 position-relative h-element\">\n                  <!---->\n                  <div class=\"h-heading__outer style-659 style-local-1006-c6\">\n                    <!---->\n                    <!---->\n                    <h4 class=\"\">Die Drachent\u00f6ter-Legende<\/h4>\n                  <\/div>\n                <\/div>\n                <div data-colibri-id=\"1006-c7\" class=\"h-text h-text-component style-660 style-local-1006-c7 position-relative h-element\">\n                  <!---->\n                  <!---->\n                  <div class=\"\">\n                    <p>In einem Sumpf vor der Stadt Lasia hauste ein \u00fcbler Drache. Er drohte, die Stadt und alle ihre Einwohner zu vernichten, wenn ihm nicht t\u00e4glich etwas Lebendes geopfert w\u00fcrde. Also brachten ihm die ver\u00e4ngstigten Einwohner t\u00e4glich ein\n                      Schaf und eine Ziege zu Fra\u00dfe, bis ihnen das Vieh ausging. Auf diesen Augenblick hatte der Drache gewartet und verlangte, dass ihm der K\u00f6nig der Stadt von jetzt an Kinder und junge Menschen opfern solle. Dar\u00fcber herrschte in der\n                      Stadt gro\u00dfes Entsetzen. Um ein Beispiel zu geben, schickte der K\u00f6nig als erster seine Tochter hinaus an den Drachensumpf.<\/p>\n                    <p>Georg, der von der Not der Stadt geh\u00f6rt hatte, kam herbeigeritten; die B\u00fcrger und der K\u00f6nig der Stadt versprachen, dass sie den Glauben an Jesus Christus annehmen w\u00fcrden, falls Georg mit dessen Hilfe den Drachen besiegen w\u00fcrde. Nach\n                      einem kurzen Gebet ritt Georg zum Drachensumpf, und als das Untier auftauchte, rammte er ihm seine Lanze in den Leib. Mit der befreiten K\u00f6nigstochter und dem schwer verwundeten Drachen am Seil kehrte er in die Stadt zur\u00fcck. Die K\u00f6nigstochter\n                      und der K\u00f6nig sowie alle B\u00fcrger der Stadt dankten Georg und lie\u00dfen sich taufen.<\/p>\n                  <\/div>\n                <\/div>\n                <div data-colibri-id=\"1006-c8\" class=\"h-global-transition-all h-heading style-661 style-local-1006-c8 position-relative h-element\">\n                  <!---->\n                  <div class=\"h-heading__outer style-661 style-local-1006-c8\">\n                    <!---->\n                    <!---->\n                    <h4 class=\"\">Die M\u00e4rtyrer-Legende<\/h4>\n                  <\/div>\n                <\/div>\n                <div data-colibri-id=\"1006-c9\" class=\"h-text h-text-component style-662 style-local-1006-c9 position-relative h-element\">\n                  <!---->\n                  <!---->\n                  <div class=\"\">\n                    <p>Als 20-j\u00e4hriger ist Georg mit seiner Mutter aus seiner Heimat Rum\u00e4nien nach Pal\u00e4stina ausgewandert, nachdem der Vater gestorben war. Georg trat in die r\u00f6mische Armee ein; als Nicht-R\u00f6mer kam er zu den Reitern. Der r\u00f6mische Kaiser Diokletian\n                      brauchte damals jeden Freiwilligen, denn das R\u00f6mische Reich wurde um 300 von den Persern im Osten, von den germanischen Goten in Ungarn und auf dem Balkan und von den Alemannen und Franken im Norden gleichzeitig angegriffen. Den\n                      Kriegswirren folgten Wirtschaftskrisen und Seuchen. Der heidnische Kaiser Diokletian glaubte, dass Ungl\u00fcck des Staates dadurch verursacht w\u00fcrde, dass damals schon 60% des Reiches christlich geworden war. Besonders stark waren die\n                      Christen in der Armee vertreten. Dadurch verwahrlosten die heidnischen Tempel, in denen oft jahrelang keine Opfer mehr dargebracht wurden und der Kaiser glaubte die erz\u00fcrnten G\u00f6tter nur dadurch vers\u00f6hnen zu k\u00f6nnen dass er die grausamste\n                      Christenverfolgung der r\u00f6mischen Geschichte in Gang setzte. R\u00f6mische Offiziere, wie der heilige Sebastian oder der heilige Georg traten mutig vor den Kaiser, bekannten ihren Glauben an Christus und versuchten ihm zu zeigen, dass\n                      eine Christenverfolgung das Heer ungeheuer schw\u00e4chen w\u00fcrde, dass dadurch das Reich gro\u00dfen Schaden nehmen w\u00fcrde und dass der allm\u00e4chtige Gott der Christen dieses Verbrechen nicht ungestraft lassen werde. Wir wissen, dass Georg f\u00fcr\n                      sein mutiges Auftreten, wahrscheinlich vor den Augen seiner Kameraden, unglaublich brutal gefoltert wurde, um alle christlichen Soldaten vom Glauben abzubringen, ein Martyrium, das er nicht \u00fcberlebte. Wenige Jahre sp\u00e4ter starb der\n                      Kaiser, der neue Kaiser Konstantin wurde selbst Christ und machte das Christentum zur Reichsreligion. Er besiegte mit seiner christlichen Armee alle Gegner, und rettete das R\u00f6mische Reich nochmals f\u00fcr 100 Jahre. Georgs Andenken aber\n                      wurde bewahrt, die Christen verga\u00dfen seinen Opfertod f\u00fcr Kirche und Glauben nicht.<\/p>\n                  <\/div>\n                <\/div>\n              <\/div>\n            <\/div>\n          <\/div>\n          <div class=\"h-column h-column-container d-flex h-col-lg-auto h-col-md-auto h-col-auto style-657-outer style-local-1006-c10-outer\">\n            <div data-colibri-id=\"1006-c10\" class=\"d-flex h-flex-basis h-column__inner h-px-lg-2 h-px-md-2 h-px-2 v-inner-lg-2 v-inner-md-2 v-inner-2 style-657 style-local-1006-c10 position-relative\">\n              <!---->\n              <!---->\n              <div class=\"w-100 h-y-container h-column__content h-column__v-align flex-basis-100 align-self-lg-start align-self-md-start align-self-start\">\n                <!---->\n                <div data-colibri-id=\"1006-c11\" class=\"d-block style-663 style-local-1006-c11 position-relative h-element\">\n                  <!---->\n                  <div class=\"h-image__frame-container-outer\">\n                    <div class=\"h-image__frame-container\">\n                      <!---->\n                      <!---->\n                      <img loading=\"lazy\" decoding=\"async\" width=\"931\" height=\"1600\" src=\"https:\/\/pfadfinder-kirchzarten.de\/wp-content\/uploads\/2021\/03\/St_George_and_the_Dragon-altar_wing-NG-Praha.jpeg\" class=\"wp-image-2957 style-663-image style-local-1006-c11-image\" alt=\"\" srcset=\"https:\/\/pfadfinder-kirchzarten.de\/wp-content\/uploads\/2021\/03\/St_George_and_the_Dragon-altar_wing-NG-Praha.jpeg 931w, https:\/\/pfadfinder-kirchzarten.de\/wp-content\/uploads\/2021\/03\/St_George_and_the_Dragon-altar_wing-NG-Praha-175x300.jpeg 175w, https:\/\/pfadfinder-kirchzarten.de\/wp-content\/uploads\/2021\/03\/St_George_and_the_Dragon-altar_wing-NG-Praha-596x1024.jpeg 596w, https:\/\/pfadfinder-kirchzarten.de\/wp-content\/uploads\/2021\/03\/St_George_and_the_Dragon-altar_wing-NG-Praha-87x150.jpeg 87w, https:\/\/pfadfinder-kirchzarten.de\/wp-content\/uploads\/2021\/03\/St_George_and_the_Dragon-altar_wing-NG-Praha-768x1320.jpeg 768w, https:\/\/pfadfinder-kirchzarten.de\/wp-content\/uploads\/2021\/03\/St_George_and_the_Dragon-altar_wing-NG-Praha-894x1536.jpeg 894w\" sizes=\"auto, (max-width: 931px) 100vw, 931px\" \/>\n                      <div class=\"h-image__frame h-hide-lg h-hide-md h-hide-sm style-663-frameImage style-local-1006-c11-frameImage\"><\/div>\n                    <\/div>\n                  <\/div>\n                <\/div>\n                <div data-colibri-id=\"1006-c12\" class=\"h-text h-text-component style-675 style-local-1006-c12 position-relative h-element\">\n                  <!---->\n                  <!---->\n                  <div class=\"\">\n                    <p>Georgsaltar in Prag (1470)<\/p>\n                  <\/div>\n                <\/div>\n              <\/div>\n            <\/div>\n          <\/div>\n        <\/div>\n      <\/div>\n      <div data-colibri-id=\"1006-c13\" class=\"h-row-container gutters-row-lg-2 gutters-row-md-2 gutters-row-0 gutters-row-v-lg-2 gutters-row-v-md-2 gutters-row-v-2 style-769 style-local-1006-c13 position-relative\">\n        <!---->\n        <div class=\"h-row justify-content-lg-center justify-content-md-center justify-content-center align-items-lg-stretch align-items-md-stretch align-items-stretch gutters-col-lg-2 gutters-col-md-2 gutters-col-0 gutters-col-v-lg-2 gutters-col-v-md-2 gutters-col-v-2\">\n          <!---->\n          <div class=\"h-column h-column-container d-flex h-col-lg-6 h-col-md-6 h-col-12 style-770-outer style-local-1006-c14-outer\">\n            <div data-colibri-id=\"1006-c14\" class=\"d-flex h-flex-basis h-column__inner h-px-lg-2 h-px-md-2 h-px-2 v-inner-lg-2 v-inner-md-2 v-inner-2 style-770 style-local-1006-c14 position-relative\">\n              <!---->\n              <!---->\n              <div class=\"w-100 h-y-container h-column__content h-column__v-align flex-basis-100 align-self-lg-start align-self-md-start align-self-start\">\n                <!---->\n                <div data-colibri-id=\"1006-c15\" class=\"h-text h-text-component style-674 style-local-1006-c15 position-relative h-element\">\n                  <!---->\n                  <!---->\n                  <div class=\"\">\n                    <p>Der obige Text wurde \u00fcbernommen aus:&nbsp;\n                      <a href=\"http:\/\/www.scout-o-wiki.de\/index.php\/Baden-Powell\" target=\"_blank\" class=\"customize-unpreviewable\" rel=\"noopener\">http:\/\/www.scout-o-wiki.de\/index.php\/Georg<\/a> und steht unter\n                      <a href=\"http:\/\/www.gnu.org\/licenses\/fdl.txt\" rel=\"nofollow\" class=\"customize-unpreviewable\">GNU-Lizenz f\u00fcr freie Dokumentation<\/a>.\n                      <br>Das Foto ist von wikimedia.org und ebenfalls gemeinfrei.<\/p>\n                  <\/div>\n                <\/div>\n              <\/div>\n            <\/div>\n          <\/div>\n        <\/div>\n      <\/div>\n    <\/div>\n  <\/div>\n<\/div>","protected":false},"excerpt":{"rendered":"<p>Der Heilige Georg ist der Schutzpatron der Pfadfinder. Baden-Powell hat ihn ausgew\u00e4hlt, da er Ritter war und BiPi gro\u00dfen Wert auf ritterliches Verhalten gelegt hat. Der Georgstag ist der 23. April. Die Drachent\u00f6ter-Legende In einem Sumpf vor der Stadt Lasia hauste ein \u00fcbler Drache. Er drohte, die Stadt und alle ihre Einwohner zu vernichten, wenn [&hellip;]<\/p>\n","protected":false},"author":3,"featured_media":0,"parent":994,"menu_order":0,"comment_status":"closed","ping_status":"closed","template":"page-templates\/full-width-page.php","meta":{"footnotes":""},"class_list":["post-1006","page","type-page","status-publish","hentry"],"_links":{"self":[{"href":"https:\/\/pfadfinder-kirchzarten.de\/index.php\/wp-json\/wp\/v2\/pages\/1006","targetHints":{"allow":["GET"]}}],"collection":[{"href":"https:\/\/pfadfinder-kirchzarten.de\/index.php\/wp-json\/wp\/v2\/pages"}],"about":[{"href":"https:\/\/pfadfinder-kirchzarten.de\/index.php\/wp-json\/wp\/v2\/types\/page"}],"author":[{"embeddable":true,"href":"https:\/\/pfadfinder-kirchzarten.de\/index.php\/wp-json\/wp\/v2\/users\/3"}],"replies":[{"embeddable":true,"href":"https:\/\/pfadfinder-kirchzarten.de\/index.php\/wp-json\/wp\/v2\/comments?post=1006"}],"version-history":[{"count":15,"href":"https:\/\/pfadfinder-kirchzarten.de\/index.php\/wp-json\/wp\/v2\/pages\/1006\/revisions"}],"predecessor-version":[{"id":3082,"href":"https:\/\/pfadfinder-kirchzarten.de\/index.php\/wp-json\/wp\/v2\/pages\/1006\/revisions\/3082"}],"up":[{"embeddable":true,"href":"https:\/\/pfadfinder-kirchzarten.de\/index.php\/wp-json\/wp\/v2\/pages\/994"}],"wp:attachment":[{"href":"https:\/\/pfadfinder-kirchzarten.de\/index.php\/wp-json\/wp\/v2\/media?parent=1006"}],"curies":[{"name":"wp","href":"https:\/\/api.w.org\/{rel}","templated":true}]}}