{"id":4437,"date":"2022-01-06T21:15:03","date_gmt":"2022-01-06T20:15:03","guid":{"rendered":"https:\/\/pfadfinder-kirchzarten.de\/?page_id=4437"},"modified":"2022-11-26T11:57:14","modified_gmt":"2022-11-26T10:57:14","slug":"rovis-uebersicht","status":"publish","type":"page","link":"https:\/\/pfadfinder-kirchzarten.de\/index.php\/stufen\/rovis-uebersicht\/","title":{"rendered":"Rover \u00dcbersicht"},"content":{"rendered":"<div data-colibri-id=\"4437-c1\" class=\"style-1899 style-local-4437-c1 position-relative\">\n  <!---->\n  <div data-colibri-component=\"section\" data-colibri-id=\"4437-c2\" id=\"custom\" class=\"h-section h-section-global-spacing d-flex align-items-lg-center align-items-md-center align-items-center style-1900 style-local-4437-c2 position-relative\">\n    <!---->\n    <!---->\n    <div class=\"h-section-grid-container h-section-boxed-container\">\n      <!---->\n      <div data-colibri-id=\"4437-c19\" class=\"h-row-container gutters-row-lg-2 gutters-row-md-2 gutters-row-0 gutters-row-v-lg-2 gutters-row-v-md-2 gutters-row-v-2 style-1906 style-local-4437-c19 position-relative\">\n        <!---->\n        <div class=\"h-row justify-content-lg-center justify-content-md-center justify-content-center align-items-lg-stretch align-items-md-stretch align-items-stretch gutters-col-lg-2 gutters-col-md-2 gutters-col-0 gutters-col-v-lg-2 gutters-col-v-md-2 gutters-col-v-2\">\n          <!---->\n          <div class=\"h-column h-column-container d-flex h-col-lg-auto h-col-md-auto h-col-auto style-1907-outer style-local-4437-c20-outer\">\n            <div data-colibri-id=\"4437-c20\" class=\"d-flex h-flex-basis h-column__inner h-px-lg-2 h-px-md-2 h-px-2 v-inner-lg-2 v-inner-md-2 v-inner-2 style-1907 style-local-4437-c20 position-relative\">\n              <!---->\n              <!---->\n              <div class=\"w-100 h-y-container h-column__content h-column__v-align flex-basis-100 align-self-lg-start align-self-md-start align-self-start\">\n                <!---->\n                <div data-colibri-id=\"4437-c21\" class=\"h-text h-text-component style-1909 style-local-4437-c21 position-relative h-element\">\n                  <!---->\n                  <!---->\n                  <div class=\"\">\n                    <p>Seit Mitte 2022 gibt es bei uns eine gro\u00dfe gemeinsame Roverrunde aus ca. 20 Mitgliedern. Da es viele aufgrund Studium oder anderer Verpflichtungen in entferntere Regionen verschlagen hat trifft sich nur eine kleinere Gruppe wechselnder\n                      Besetzung spontan w\u00f6chentlich. Immer wenn es jedoch m\u00f6glich ist, kommen wir zusammen und machen neben unserem Sommerlager (z.B. Kanulager oder Wanderlager) auch H\u00fcttenwochendenden und leben die Werte der Pfadfinderei.&nbsp;<\/p>\n                  <\/div>\n                <\/div>\n              <\/div>\n            <\/div>\n          <\/div>\n          <div class=\"h-column h-column-container d-flex h-col-lg-auto h-col-md-auto h-col-auto style-1908-outer style-local-4437-c24-outer\">\n            <div data-colibri-id=\"4437-c24\" class=\"d-flex h-flex-basis h-column__inner h-px-lg-2 h-px-md-2 h-px-2 v-inner-lg-2 v-inner-md-2 v-inner-2 style-1908 style-local-4437-c24 position-relative\">\n              <!---->\n              <!---->\n              <div class=\"w-100 h-y-container h-column__content h-column__v-align flex-basis-100 align-self-lg-start align-self-md-start align-self-start\">\n                <!---->\n                <div data-colibri-id=\"4437-c25\" class=\"h-text h-text-component style-1910 style-local-4437-c25 position-relative h-element\">\n                  <!---->\n                  <!---->\n                  <div class=\"\">\n                    <p>Hier noch ein kleines Spiel einer Vorl\u00e4ufer-Roverrunde aus 11 Personen, die sich 2018 gebildet hatte, bei dem Du mehr \u00fcber diese und teilweise auch \u00fcber uns Rovis im Gesamten erfahren kannst!\n                      <br>\n                    <\/p>\n                  <\/div>\n                <\/div>\n                <div data-colibri-id=\"4437-c26\" class=\"h-x-container style-1913 style-local-4437-c26 position-relative h-element\">\n                  <!---->\n                  <div class=\"h-x-container-inner style-dynamic-4437-c26-group style-1913-spacing style-local-4437-c26-spacing\"><span class=\"h-button__outer style-1914-outer style-local-4437-c27-outer d-inline-flex h-element\"><a h-use-smooth-scroll=\"true\" href=\"\/index.php\/stufen\/rover\/level-1\/\"  data-colibri-id=\"4437-c27\" class=\"d-flex w-100 align-items-center h-button justify-content-lg-center justify-content-md-center justify-content-center style-1914 style-local-4437-c27 position-relative\"><!----><!----> <span>Start<\/span><\/a>\n                    <\/span>\n                  <\/div>\n                <\/div>\n              <\/div>\n            <\/div>\n          <\/div>\n        <\/div>\n      <\/div>\n    <\/div>\n  <\/div>\n<\/div>","protected":false},"excerpt":{"rendered":"<p>Seit Mitte 2022 gibt es bei uns eine gro\u00dfe gemeinsame Roverrunde aus ca. 20 Mitgliedern. Da es viele aufgrund Studium oder anderer Verpflichtungen in entferntere Regionen verschlagen hat trifft sich nur eine kleinere Gruppe wechselnder Besetzung spontan w\u00f6chentlich. Immer wenn es jedoch m\u00f6glich ist, kommen wir zusammen und machen neben unserem Sommerlager (z.B. Kanulager oder [&hellip;]<\/p>\n","protected":false},"author":3,"featured_media":0,"parent":89,"menu_order":0,"comment_status":"closed","ping_status":"closed","template":"page-templates\/full-width-page.php","meta":{"footnotes":""},"class_list":["post-4437","page","type-page","status-publish","hentry"],"_links":{"self":[{"href":"https:\/\/pfadfinder-kirchzarten.de\/index.php\/wp-json\/wp\/v2\/pages\/4437","targetHints":{"allow":["GET"]}}],"collection":[{"href":"https:\/\/pfadfinder-kirchzarten.de\/index.php\/wp-json\/wp\/v2\/pages"}],"about":[{"href":"https:\/\/pfadfinder-kirchzarten.de\/index.php\/wp-json\/wp\/v2\/types\/page"}],"author":[{"embeddable":true,"href":"https:\/\/pfadfinder-kirchzarten.de\/index.php\/wp-json\/wp\/v2\/users\/3"}],"replies":[{"embeddable":true,"href":"https:\/\/pfadfinder-kirchzarten.de\/index.php\/wp-json\/wp\/v2\/comments?post=4437"}],"version-history":[{"count":19,"href":"https:\/\/pfadfinder-kirchzarten.de\/index.php\/wp-json\/wp\/v2\/pages\/4437\/revisions"}],"predecessor-version":[{"id":5004,"href":"https:\/\/pfadfinder-kirchzarten.de\/index.php\/wp-json\/wp\/v2\/pages\/4437\/revisions\/5004"}],"up":[{"embeddable":true,"href":"https:\/\/pfadfinder-kirchzarten.de\/index.php\/wp-json\/wp\/v2\/pages\/89"}],"wp:attachment":[{"href":"https:\/\/pfadfinder-kirchzarten.de\/index.php\/wp-json\/wp\/v2\/media?parent=4437"}],"curies":[{"name":"wp","href":"https:\/\/api.w.org\/{rel}","templated":true}]}}