{"id":479,"date":"2021-01-02T14:19:51","date_gmt":"2021-01-02T14:19:51","guid":{"rendered":"https:\/\/pfadfinder-kirchzarten.de\/?page_id=479"},"modified":"2025-04-19T13:56:13","modified_gmt":"2025-04-19T11:56:13","slug":"impressum","status":"publish","type":"page","link":"https:\/\/pfadfinder-kirchzarten.de\/index.php\/impressum\/","title":{"rendered":"Impressum"},"content":{"rendered":"<div data-colibri-id=\"479-c1\" class=\"style-537 style-local-479-c1 position-relative\">\n  <!---->\n  <div data-colibri-component=\"section\" data-colibri-id=\"479-c2\" id=\"custom\" class=\"h-section h-section-global-spacing d-flex align-items-lg-center align-items-md-center align-items-center style-538 style-local-479-c2 position-relative\">\n    <!---->\n    <!---->\n    <div class=\"h-section-grid-container h-section-boxed-container\">\n      <!---->\n      <div data-colibri-id=\"479-c3\" class=\"h-row-container gutters-row-lg-2 gutters-row-md-2 gutters-row-0 gutters-row-v-lg-2 gutters-row-v-md-2 gutters-row-v-2 style-539 style-local-479-c3 position-relative\">\n        <!---->\n        <div class=\"h-row justify-content-lg-center justify-content-md-center justify-content-center align-items-lg-stretch align-items-md-stretch align-items-stretch gutters-col-lg-2 gutters-col-md-2 gutters-col-0 gutters-col-v-lg-2 gutters-col-v-md-2 gutters-col-v-2\">\n          <!---->\n          <div class=\"h-column h-column-container d-flex h-col-lg-auto h-col-md-auto h-col-auto style-540-outer style-local-479-c4-outer\">\n            <div data-colibri-id=\"479-c4\" class=\"d-flex h-flex-basis h-column__inner h-px-lg-2 h-px-md-2 h-px-2 v-inner-lg-2 v-inner-md-2 v-inner-2 style-540 style-local-479-c4 position-relative\">\n              <!---->\n              <!---->\n              <div class=\"w-100 h-y-container h-column__content h-column__v-align flex-basis-100 align-self-lg-start align-self-md-start align-self-start\">\n                <!---->\n                <div data-colibri-id=\"479-c5\" class=\"h-global-transition-all h-heading style-542 style-local-479-c5 position-relative h-element\">\n                  <!---->\n                  <div class=\"h-heading__outer style-542 style-local-479-c5\">\n                    <!---->\n                    <!---->\n                    <h4 class=\"\">Pfadfinderstamm Antoine de Saint-Exup\u00e9ry<\/h4>\n                  <\/div>\n                <\/div>\n                <div data-colibri-id=\"479-c6\" class=\"h-text h-text-component style-550 style-local-479-c6 position-relative h-element\">\n                  <!---->\n                  <!---->\n                  <div class=\"\">\n                    <p>Kirchplatz 5\n                      <br>79199 Kirchzarten\n                      <br>vorstand-dpsg-kiza[at]mailbox.org*<\/p>\n                    <p>Postadresse:\n                      <br>Kath. Pfarramt St. Gallus\n                      <br>Kirchplatz 6\n                      <br>79199 Kirchzarten\n                      <br>\n                    <\/p>\n                  <\/div>\n                <\/div>\n              <\/div>\n            <\/div>\n          <\/div>\n          <div class=\"h-column h-column-container d-flex h-col-lg-auto h-col-md-auto h-col-auto style-541-outer style-local-479-c7-outer\">\n            <div data-colibri-id=\"479-c7\" class=\"d-flex h-flex-basis h-column__inner h-px-lg-2 h-px-md-2 h-px-2 v-inner-lg-2 v-inner-md-2 v-inner-2 style-541 style-local-479-c7 position-relative\">\n              <!---->\n              <!---->\n              <div class=\"w-100 h-y-container h-column__content h-column__v-align flex-basis-100 align-self-lg-start align-self-md-start align-self-start\">\n                <!---->\n                <div data-colibri-id=\"479-c8\" class=\"h-global-transition-all h-heading style-543 style-local-479-c8 position-relative h-element\">\n                  <!---->\n                  <div class=\"h-heading__outer style-543 style-local-479-c8\">\n                    <!---->\n                    <!---->\n                    <h4 class=\"\">Inhaltlich Verantwortlicher gem\u00e4\u00df \u00a7 18 Abs. 2 MStV:<\/h4>\n                  <\/div>\n                <\/div>\n                <div data-colibri-id=\"479-c9\" class=\"h-text h-text-component style-551 style-local-479-c9 position-relative h-element\">\n                  <!---->\n                  <!---->\n                  <div class=\"\">\n                    <p>Daniel Sch\u00f6ndorf\n                      <br>c\/o Kath. Pfarramt St. Gallus\n                      <br>Kirchplatz 6\n                      <br>79199 Kirchzarten\n                      <br>vorstand-dpsg-kiza[at]mailbox.org*\n                      <br>\n                    <\/p>\n                  <\/div>\n                <\/div>\n                <div data-colibri-id=\"479-c10\" class=\"h-global-transition-all h-heading style-2095 style-local-479-c10 position-relative h-element\">\n                  <!---->\n                  <div class=\"h-heading__outer style-2095 style-local-479-c10\">\n                    <!---->\n                    <!---->\n                    <h4 class=\"\">Inhaltlich Verantwortliche f\u00fcr unsere Social Media Auftritte<\/h4>\n                  <\/div>\n                <\/div>\n                <div data-colibri-id=\"479-c11\" class=\"h-text h-text-component style-2096 style-local-479-c11 position-relative h-element\">\n                  <!---->\n                  <!---->\n                  <div class=\"\">\n                    <p>Anna Gschwind\n                      <br>c\/o Kath. Pfarramt St. Gallus\n                      <br>Kirchplatz 6\n                      <br>79199 Kirchzarten\n                      <br>vorstand-dpsg-kiza[at]mailbox.org*\n                      <br>\n                    <\/p>\n                  <\/div>\n                <\/div>\n              <\/div>\n            <\/div>\n          <\/div>\n        <\/div>\n      <\/div>\n      <div data-colibri-id=\"479-c12\" class=\"h-row-container gutters-row-lg-2 gutters-row-md-2 gutters-row-0 gutters-row-v-lg-2 gutters-row-v-md-2 gutters-row-v-2 style-552 style-local-479-c12 position-relative\">\n        <!---->\n        <div class=\"h-row justify-content-lg-center justify-content-md-center justify-content-center align-items-lg-stretch align-items-md-stretch align-items-stretch gutters-col-lg-2 gutters-col-md-2 gutters-col-0 gutters-col-v-lg-2 gutters-col-v-md-2 gutters-col-v-2\">\n          <!---->\n          <div class=\"h-column h-column-container d-flex h-col-lg-auto h-col-md-auto h-col-auto style-553-outer style-local-479-c13-outer\">\n            <div data-colibri-id=\"479-c13\" class=\"d-flex h-flex-basis h-column__inner h-px-lg-2 h-px-md-2 h-px-2 v-inner-lg-2 v-inner-md-2 v-inner-2 style-553 style-local-479-c13 position-relative\">\n              <!---->\n              <!---->\n              <div class=\"w-100 h-y-container h-column__content h-column__v-align flex-basis-100 align-self-lg-start align-self-md-start align-self-start\">\n                <!---->\n                <div data-colibri-id=\"479-c14\" class=\"h-text h-text-component style-554 style-local-479-c14 position-relative h-element\">\n                  <!---->\n                  <!---->\n                  <div class=\"\">\n                    <p>Haftungshinweis: Trotz sorgf\u00e4ltiger inhaltlicher Kontrolle \u00fcbernehmen wir keine Haftung f\u00fcr die Inhalte externer Links. F\u00fcr den Inhalt der verlinkten Seiten sind ausschlie\u00dflich deren Betreiber verantwortlich.<\/p>\n                  <\/div>\n                <\/div>\n                <div data-colibri-id=\"479-c15\" class=\"h-text h-text-component style-2097 style-local-479-c15 position-relative h-element\">\n                  <!---->\n                  <!---->\n                  <div class=\"\">\n                    <p>*Ersetzen Sie das [at] in der Mailadresse einfach durch @, wenn Sie uns eine Mail schicken m\u00f6chten<\/p>\n                  <\/div>\n                <\/div>\n              <\/div>\n            <\/div>\n          <\/div>\n        <\/div>\n      <\/div>\n    <\/div>\n  <\/div>\n<\/div>","protected":false},"excerpt":{"rendered":"<p>Pfadfinderstamm Antoine de Saint-Exup\u00e9ry Kirchplatz 5 79199 Kirchzarten vorstand-dpsg-kiza[at]mailbox.org* Postadresse: Kath. Pfarramt St. Gallus Kirchplatz 6 79199 Kirchzarten Inhaltlich Verantwortlicher gem\u00e4\u00df \u00a7 18 Abs. 2 MStV: Daniel Sch\u00f6ndorf c\/o Kath. Pfarramt St. Gallus Kirchplatz 6 79199 Kirchzarten vorstand-dpsg-kiza[at]mailbox.org* Inhaltlich Verantwortliche f\u00fcr unsere Social Media Auftritte Anna Gschwind c\/o Kath. Pfarramt St. Gallus Kirchplatz 6 79199 [&hellip;]<\/p>\n","protected":false},"author":3,"featured_media":0,"parent":0,"menu_order":0,"comment_status":"closed","ping_status":"closed","template":"page-templates\/full-width-page.php","meta":{"footnotes":""},"class_list":["post-479","page","type-page","status-publish","hentry"],"_links":{"self":[{"href":"https:\/\/pfadfinder-kirchzarten.de\/index.php\/wp-json\/wp\/v2\/pages\/479","targetHints":{"allow":["GET"]}}],"collection":[{"href":"https:\/\/pfadfinder-kirchzarten.de\/index.php\/wp-json\/wp\/v2\/pages"}],"about":[{"href":"https:\/\/pfadfinder-kirchzarten.de\/index.php\/wp-json\/wp\/v2\/types\/page"}],"author":[{"embeddable":true,"href":"https:\/\/pfadfinder-kirchzarten.de\/index.php\/wp-json\/wp\/v2\/users\/3"}],"replies":[{"embeddable":true,"href":"https:\/\/pfadfinder-kirchzarten.de\/index.php\/wp-json\/wp\/v2\/comments?post=479"}],"version-history":[{"count":12,"href":"https:\/\/pfadfinder-kirchzarten.de\/index.php\/wp-json\/wp\/v2\/pages\/479\/revisions"}],"predecessor-version":[{"id":6577,"href":"https:\/\/pfadfinder-kirchzarten.de\/index.php\/wp-json\/wp\/v2\/pages\/479\/revisions\/6577"}],"wp:attachment":[{"href":"https:\/\/pfadfinder-kirchzarten.de\/index.php\/wp-json\/wp\/v2\/media?parent=479"}],"curies":[{"name":"wp","href":"https:\/\/api.w.org\/{rel}","templated":true}]}}