{"id":94,"date":"2021-01-02T10:03:16","date_gmt":"2021-01-02T10:03:16","guid":{"rendered":"https:\/\/pfadfinder-kirchzarten.de\/?page_id=94"},"modified":"2022-01-06T21:39:45","modified_gmt":"2022-01-06T20:39:45","slug":"rover","status":"publish","type":"page","link":"https:\/\/pfadfinder-kirchzarten.de\/index.php\/stufen\/rovis-uebersicht\/rover\/","title":{"rendered":"Altrover"},"content":{"rendered":"<div data-colibri-id=\"94-c1\" class=\"style-932 style-local-94-c1 position-relative\">\r\n  <!---->\r\n  <div data-colibri-component=\"section\" data-colibri-id=\"94-c2\" id=\"custom\" class=\"h-section h-section-global-spacing d-flex align-items-lg-center align-items-md-center align-items-center style-953 style-local-94-c2 position-relative\">\r\n    <!---->\r\n    <!---->\r\n    <div class=\"h-section-grid-container h-section-boxed-container\">\r\n      <!---->\r\n      <div data-colibri-id=\"94-c3\" class=\"h-row-container gutters-row-lg-2 gutters-row-md-2 gutters-row-0 gutters-row-v-lg-2 gutters-row-v-md-2 gutters-row-v-2 style-954 style-local-94-c3 position-relative\">\r\n        <!---->\r\n        <div class=\"h-row justify-content-lg-center justify-content-md-center justify-content-center align-items-lg-stretch align-items-md-stretch align-items-stretch gutters-col-lg-2 gutters-col-md-2 gutters-col-0 gutters-col-v-lg-2 gutters-col-v-md-2 gutters-col-v-2\">\r\n          <!---->\r\n          <div class=\"h-column h-column-container d-flex h-col-lg-auto h-col-md-auto h-col-auto style-955-outer style-local-94-c4-outer\">\r\n            <div data-colibri-id=\"94-c4\" class=\"d-flex h-flex-basis h-column__inner h-px-lg-2 h-px-md-2 h-px-2 v-inner-lg-2 v-inner-md-2 v-inner-2 style-955 style-local-94-c4 position-relative\">\r\n              <!---->\r\n              <!---->\r\n              <div class=\"w-100 h-y-container h-column__content h-column__v-align flex-basis-100 align-self-lg-start align-self-md-start align-self-start\">\r\n                <!---->\r\n                <div data-colibri-id=\"94-c5\" class=\"h-text h-text-component style-974 style-local-94-c5 position-relative h-element\">\r\n                  <!---->\r\n                  <!---->\r\n                  <div class=\"\">\r\n                    <p>Wir sind 11 Rover:innen. In unseren w\u00f6chentlichen Truppstunden spielen wir Spiele, oder \u00fcberlegen uns coole Projekte (z.B. einen Bauwagen bauen). Da wir keine Leiter:innen haben, sind wir sehr eigenst\u00e4ndig und machen neben unserem\r\n                      Sommerlager (z.B. Kanulager oder Wanderlager) auch H\u00fcttenwochendenden und leben die Werte der Pfadfinderei. <\/p>\r\n                    <p>Wenn du noch mehr \u00fcber uns erfahren willst, spiel unser Spiel!<\/p>\r\n                  <\/div>\r\n                <\/div>\r\n              <\/div>\r\n            <\/div>\r\n          <\/div>\r\n          <div class=\"h-column h-column-container d-flex h-col-lg-auto h-col-md-auto h-col-auto style-956-outer style-local-94-c6-outer\">\r\n            <div data-colibri-id=\"94-c6\" class=\"d-flex h-flex-basis h-column__inner h-px-lg-2 h-px-md-2 h-px-2 v-inner-lg-2 v-inner-md-2 v-inner-2 style-956 style-local-94-c6 position-relative\">\r\n              <!---->\r\n              <!---->\r\n              <div class=\"w-100 h-y-container h-column__content h-column__v-align flex-basis-100 align-self-lg-start align-self-md-start align-self-start\">\r\n                <!---->\r\n                <div data-colibri-id=\"94-c7\" class=\"h-global-transition-all h-heading style-1180 style-local-94-c7 position-relative h-element\">\r\n                  <!---->\r\n                  <div class=\"h-heading__outer style-1180 style-local-94-c7\">\r\n                    <!---->\r\n                    <!---->\r\n                    <h2 class=\"\">Hier geht&#8217;s zum Quiz<\/h2>\r\n                  <\/div>\r\n                <\/div>\r\n                <div data-colibri-id=\"94-c8\" class=\"h-x-container style-977 style-local-94-c8 position-relative h-element\">\r\n                  <!---->\r\n                  <div class=\"h-x-container-inner style-dynamic-94-c8-group style-977-spacing style-local-94-c8-spacing\"><span class=\"h-button__outer style-978-outer style-local-94-c9-outer d-inline-flex h-element\"><a h-use-smooth-scroll=\"true\" href=\"\/index.php\/stufen\/rover\/level-1\/\"  data-colibri-id=\"94-c9\" class=\"d-flex w-100 align-items-center h-button justify-content-lg-center justify-content-md-center justify-content-center style-978 style-local-94-c9 position-relative\"><!----><!----> <span>START<\/span><\/a>\r\n                    <\/span>\r\n                  <\/div>\r\n                <\/div>\r\n              <\/div>\r\n            <\/div>\r\n          <\/div>\r\n        <\/div>\r\n      <\/div>\r\n    <\/div>\r\n  <\/div>\r\n<\/div>","protected":false},"excerpt":{"rendered":"<p>Wir sind 11 Rover:innen. In unseren w\u00f6chentlichen Truppstunden spielen wir Spiele, oder \u00fcberlegen uns coole Projekte (z.B. einen Bauwagen bauen). Da wir keine Leiter:innen haben, sind wir sehr eigenst\u00e4ndig und machen neben unserem Sommerlager (z.B. Kanulager oder Wanderlager) auch H\u00fcttenwochendenden und leben die Werte der Pfadfinderei. Wenn du noch mehr \u00fcber uns erfahren willst, spiel [&hellip;]<\/p>\n","protected":false},"author":3,"featured_media":0,"parent":4437,"menu_order":0,"comment_status":"closed","ping_status":"closed","template":"page-templates\/full-width-page.php","meta":{"footnotes":""},"class_list":["post-94","page","type-page","status-publish","hentry"],"_links":{"self":[{"href":"https:\/\/pfadfinder-kirchzarten.de\/index.php\/wp-json\/wp\/v2\/pages\/94","targetHints":{"allow":["GET"]}}],"collection":[{"href":"https:\/\/pfadfinder-kirchzarten.de\/index.php\/wp-json\/wp\/v2\/pages"}],"about":[{"href":"https:\/\/pfadfinder-kirchzarten.de\/index.php\/wp-json\/wp\/v2\/types\/page"}],"author":[{"embeddable":true,"href":"https:\/\/pfadfinder-kirchzarten.de\/index.php\/wp-json\/wp\/v2\/users\/3"}],"replies":[{"embeddable":true,"href":"https:\/\/pfadfinder-kirchzarten.de\/index.php\/wp-json\/wp\/v2\/comments?post=94"}],"version-history":[{"count":14,"href":"https:\/\/pfadfinder-kirchzarten.de\/index.php\/wp-json\/wp\/v2\/pages\/94\/revisions"}],"predecessor-version":[{"id":4518,"href":"https:\/\/pfadfinder-kirchzarten.de\/index.php\/wp-json\/wp\/v2\/pages\/94\/revisions\/4518"}],"up":[{"embeddable":true,"href":"https:\/\/pfadfinder-kirchzarten.de\/index.php\/wp-json\/wp\/v2\/pages\/4437"}],"wp:attachment":[{"href":"https:\/\/pfadfinder-kirchzarten.de\/index.php\/wp-json\/wp\/v2\/media?parent=94"}],"curies":[{"name":"wp","href":"https:\/\/api.w.org\/{rel}","templated":true}]}}