{"id":956,"date":"2021-01-02T17:18:48","date_gmt":"2021-01-02T17:18:48","guid":{"rendered":"https:\/\/pfadfinder-kirchzarten.de\/?page_id=956"},"modified":"2025-10-25T10:26:57","modified_gmt":"2025-10-25T08:26:57","slug":"kontakt","status":"publish","type":"page","link":"https:\/\/pfadfinder-kirchzarten.de\/index.php\/kontakt\/","title":{"rendered":"Kontakt &#038; Anmeldung"},"content":{"rendered":"<div data-colibri-id=\"956-c1\" class=\"style-581 style-local-956-c1 position-relative\">\n  <!---->\n  <div data-colibri-component=\"section\" data-colibri-id=\"956-c2\" id=\"custom\" class=\"h-section h-section-global-spacing d-flex align-items-lg-center align-items-md-center align-items-center style-600 style-local-956-c2 position-relative\">\n    <!---->\n    <!---->\n    <div class=\"h-section-grid-container h-section-boxed-container\">\n      <!---->\n      <div data-colibri-id=\"956-c3\" class=\"h-row-container gutters-row-lg-2 gutters-row-md-2 gutters-row-0 gutters-row-v-lg-2 gutters-row-v-md-2 gutters-row-v-2 style-601 style-local-956-c3 position-relative\">\n        <!---->\n        <div class=\"h-row justify-content-lg-center justify-content-md-center justify-content-center align-items-lg-stretch align-items-md-stretch align-items-stretch gutters-col-lg-2 gutters-col-md-2 gutters-col-0 gutters-col-v-lg-2 gutters-col-v-md-2 gutters-col-v-2\">\n          <!---->\n          <div class=\"h-column h-column-container d-flex h-col-lg-auto h-col-md-auto h-col-auto style-602-outer style-local-956-c4-outer\">\n            <div data-colibri-id=\"956-c4\" class=\"d-flex h-flex-basis h-column__inner h-px-lg-2 h-px-md-2 h-px-2 v-inner-lg-2 v-inner-md-2 v-inner-2 style-602 style-local-956-c4 position-relative\">\n              <!---->\n              <!---->\n              <div class=\"w-100 h-y-container h-column__content h-column__v-align flex-basis-100 align-self-lg-start align-self-md-start align-self-start\">\n                <!---->\n                <div data-colibri-id=\"956-c5\" class=\"h-global-transition-all h-heading style-1037 style-local-956-c5 position-relative h-element\">\n                  <!---->\n                  <div class=\"h-heading__outer style-1037 style-local-956-c5\">\n                    <!---->\n                    <!---->\n                    <h3 class=\"\">Kontakt<\/h3>\n                  <\/div>\n                <\/div>\n                <div data-colibri-id=\"956-c6\" class=\"h-text h-text-component style-607 style-local-956-c6 position-relative h-element\">\n                  <!---->\n                  <!---->\n                  <div class=\"\">\n                    <p>Die typisches Stammesvorstandsaufgaben (Finanzen, Mitgliederverwaltung, Stammesaktionen u.v.m.) teilen wir als Stamm jedes Jahr erneut in unserer Leitungsrunde zwischen allen Leiter:innen auf. Wir, die gew\u00e4hlten Stammesvorst\u00e4nde Max\n                      Selter und Daniel Sch\u00f6ndorf, behalten diese Aufteilung und Durchf\u00fchrung der Aufgaben\/Aktionen im Hintergrund im Blick.<\/p>\n                    <p>Die wichtigsten Kontaktpersonen sind Max Selter als Kontaktperson f\u00fcr die Seelsorgeeinheit und die Gemeinde Kirchzarten und Linda Gschwind zur DPSG und f\u00fcr andere Jugendverb\u00e4nde.\n                      <br>Die restlichen Leiter:innen sind auch jeweils Kontakt f\u00fcr ihren Aufgabenbereich (siehe Reiter &#8222;Leitungsrunde&#8220;).<\/p>\n                    <p>\u00dcber unsere E-Mail-Adresse vorstand-dpsg-kiza[at]mailbox.org* erreichen Sie immer genau die richtige Person, da wir Ihre Mail direkt einfach der verantwortlichen Person zuteilen.<\/p>\n                  <\/div>\n                <\/div>\n                <div data-colibri-id=\"956-c7\" class=\"h-text h-text-component style-1015 style-local-956-c7 position-relative h-element\">\n                  <!---->\n                  <!---->\n                  <div class=\"\">\n                    <p>*Ersetzen Sie das [at] in der Mailadresse einfach durch @, wenn Sie uns eine Mail schicken m\u00f6chten<\/p>\n                  <\/div>\n                <\/div>\n                <div data-colibri-id=\"956-c8\" class=\"h-row-container gutters-row-lg-1 gutters-row-md-1 gutters-row-0 gutters-row-v-lg-1 gutters-row-v-md-1 gutters-row-v-1 colibri-dynamic-list style-999 style-local-956-c8 position-relative\">\n                  <!---->\n                  <div data-colibri-component=\"masonry\" class=\"h-row justify-content-lg-start justify-content-md-start justify-content-start align-items-lg-stretch align-items-md-stretch align-items-stretch gutters-col-lg-1 gutters-col-md-1 gutters-col-0 gutters-col-v-lg-1 gutters-col-v-md-1 gutters-col-v-1 style-999-row style-local-956-c8-row\">\n                    <!---->\n        <div class=\"h-column h-column-container d-flex h-col-lg-4 h-col-md-6 h-col-12 post-1399 post type-post status-publish format-standard has-post-thumbnail hentry category-leitungsrunde tag-kontakt tag-vorstand masonry-item style-1000-outer style-local-956-c9-outer\"><div data-colibri-id=\"956-c9\" class=\"d-flex h-flex-basis h-column__inner h-px-lg-2 h-px-md-2 h-px-2 v-inner-lg-2 v-inner-md-2 v-inner-2 style-1000 style-local-956-c9 position-relative\"> <div class=\"w-100 h-y-container h-column__content h-column__v-align flex-basis-100 align-self-lg-start align-self-md-start align-self-start\"> <div data-href=\"https:\/\/pfadfinder-kirchzarten.de\/index.php\/2018\/01\/03\/max-selter\/\" data-colibri-component=\"link\" data-colibri-id=\"956-c10\" class=\"colibri-post-thumbnail colibri-post-has-thumbnail style-1001 style-local-956-c10 h-overflow-hidden position-relative h-element\"><div class=\"h-global-transition-all colibri-post-thumbnail-shortcode style-dynamic-956-c10-height\">            <a href=\"https:\/\/pfadfinder-kirchzarten.de\/index.php\/2018\/01\/03\/max-selter\/\" title=\"Max Selter\">\n\t\t\t\t<img loading=\"lazy\" decoding=\"async\" width=\"1600\" height=\"1067\" src=\"https:\/\/pfadfinder-kirchzarten.de\/wp-content\/uploads\/2017\/01\/Max.jpg\" class=\"attachment-post-thumbnail size-post-thumbnail wp-post-image\" alt=\"\" srcset=\"https:\/\/pfadfinder-kirchzarten.de\/wp-content\/uploads\/2017\/01\/Max.jpg 1600w, https:\/\/pfadfinder-kirchzarten.de\/wp-content\/uploads\/2017\/01\/Max-300x200.jpg 300w, https:\/\/pfadfinder-kirchzarten.de\/wp-content\/uploads\/2017\/01\/Max-1024x683.jpg 1024w, https:\/\/pfadfinder-kirchzarten.de\/wp-content\/uploads\/2017\/01\/Max-150x100.jpg 150w, https:\/\/pfadfinder-kirchzarten.de\/wp-content\/uploads\/2017\/01\/Max-768x512.jpg 768w, https:\/\/pfadfinder-kirchzarten.de\/wp-content\/uploads\/2017\/01\/Max-1536x1024.jpg 1536w\" sizes=\"auto, (max-width: 1600px) 100vw, 1600px\" \/>            <\/a>\n\t\t\t<\/div> <div class=\"colibri-post-thumbnail-content align-items-lg-center align-items-md-center align-items-center flex-basis-100\"><div class=\"w-100 h-y-container\"> <\/div><\/div><\/div><div data-colibri-id=\"956-c11\" class=\"h-row-container gutters-row-lg-2 gutters-row-md-2 gutters-row-2 gutters-row-v-lg-2 gutters-row-v-md-2 gutters-row-v-2 style-1002 style-local-956-c11 position-relative\"><div class=\"h-row justify-content-lg-center justify-content-md-center justify-content-center align-items-lg-stretch align-items-md-stretch align-items-stretch gutters-col-lg-2 gutters-col-md-2 gutters-col-2 gutters-col-v-lg-2 gutters-col-v-md-2 gutters-col-v-2\"> <div class=\"h-column h-column-container d-flex h-col-lg h-col-md h-col-auto style-1003-outer style-local-956-c12-outer\"><div data-colibri-id=\"956-c12\" class=\"d-flex h-flex-basis h-column__inner h-px-lg-2 h-px-md-2 h-px-2 v-inner-lg-2 v-inner-md-2 v-inner-2 style-1003 style-local-956-c12 position-relative\"> <div class=\"w-100 h-y-container h-column__content h-column__v-align flex-basis-100 align-self-lg-start align-self-md-start align-self-start\"> <div data-colibri-id=\"956-c13\" class=\"h-blog-title style-1005 style-local-956-c13 position-relative h-element\"><div class=\"h-global-transition-all\"><a href=\"https:\/\/pfadfinder-kirchzarten.de\/index.php\/2018\/01\/03\/max-selter\/\"><h4 class=\"colibri-word-wrap\">Max Selter<\/h4><\/a><\/div><\/div><div data-colibri-id=\"956-c14\" class=\"style-1006 style-local-956-c14 position-relative h-element\"><div class=\"h-global-transition-all\"><div class=\"colibri-post-excerpt\">Altpapiersammlung, Material<\/div><\/div><\/div><\/div><\/div><\/div><\/div><\/div><\/div><\/div><\/div>\n      \n      \n        <div class=\"h-column h-column-container d-flex h-col-lg-4 h-col-md-6 h-col-12 post-1550 post type-post status-publish format-standard has-post-thumbnail hentry category-leitungsrunde tag-kontakt tag-vorstand masonry-item style-1000-outer style-local-956-c9-outer\"><div data-colibri-id=\"956-c9\" class=\"d-flex h-flex-basis h-column__inner h-px-lg-2 h-px-md-2 h-px-2 v-inner-lg-2 v-inner-md-2 v-inner-2 style-1000 style-local-956-c9 position-relative\"> <div class=\"w-100 h-y-container h-column__content h-column__v-align flex-basis-100 align-self-lg-start align-self-md-start align-self-start\"> <div data-href=\"https:\/\/pfadfinder-kirchzarten.de\/index.php\/2018\/01\/03\/daniel-schondorf\/\" data-colibri-component=\"link\" data-colibri-id=\"956-c10\" class=\"colibri-post-thumbnail colibri-post-has-thumbnail style-1001 style-local-956-c10 h-overflow-hidden position-relative h-element\"><div class=\"h-global-transition-all colibri-post-thumbnail-shortcode style-dynamic-956-c10-height\">            <a href=\"https:\/\/pfadfinder-kirchzarten.de\/index.php\/2018\/01\/03\/daniel-schondorf\/\" title=\"Daniel Sch\u00f6ndorf\">\n\t\t\t\t<img loading=\"lazy\" decoding=\"async\" width=\"1600\" height=\"1067\" src=\"https:\/\/pfadfinder-kirchzarten.de\/wp-content\/uploads\/2018\/01\/Daniel.jpg\" class=\"attachment-post-thumbnail size-post-thumbnail wp-post-image\" alt=\"\" srcset=\"https:\/\/pfadfinder-kirchzarten.de\/wp-content\/uploads\/2018\/01\/Daniel.jpg 1600w, https:\/\/pfadfinder-kirchzarten.de\/wp-content\/uploads\/2018\/01\/Daniel-300x200.jpg 300w, https:\/\/pfadfinder-kirchzarten.de\/wp-content\/uploads\/2018\/01\/Daniel-1024x683.jpg 1024w, https:\/\/pfadfinder-kirchzarten.de\/wp-content\/uploads\/2018\/01\/Daniel-150x100.jpg 150w, https:\/\/pfadfinder-kirchzarten.de\/wp-content\/uploads\/2018\/01\/Daniel-768x512.jpg 768w, https:\/\/pfadfinder-kirchzarten.de\/wp-content\/uploads\/2018\/01\/Daniel-1536x1024.jpg 1536w\" sizes=\"auto, (max-width: 1600px) 100vw, 1600px\" \/>            <\/a>\n\t\t\t<\/div> <div class=\"colibri-post-thumbnail-content align-items-lg-center align-items-md-center align-items-center flex-basis-100\"><div class=\"w-100 h-y-container\"> <\/div><\/div><\/div><div data-colibri-id=\"956-c11\" class=\"h-row-container gutters-row-lg-2 gutters-row-md-2 gutters-row-2 gutters-row-v-lg-2 gutters-row-v-md-2 gutters-row-v-2 style-1002 style-local-956-c11 position-relative\"><div class=\"h-row justify-content-lg-center justify-content-md-center justify-content-center align-items-lg-stretch align-items-md-stretch align-items-stretch gutters-col-lg-2 gutters-col-md-2 gutters-col-2 gutters-col-v-lg-2 gutters-col-v-md-2 gutters-col-v-2\"> <div class=\"h-column h-column-container d-flex h-col-lg h-col-md h-col-auto style-1003-outer style-local-956-c12-outer\"><div data-colibri-id=\"956-c12\" class=\"d-flex h-flex-basis h-column__inner h-px-lg-2 h-px-md-2 h-px-2 v-inner-lg-2 v-inner-md-2 v-inner-2 style-1003 style-local-956-c12 position-relative\"> <div class=\"w-100 h-y-container h-column__content h-column__v-align flex-basis-100 align-self-lg-start align-self-md-start align-self-start\"> <div data-colibri-id=\"956-c13\" class=\"h-blog-title style-1005 style-local-956-c13 position-relative h-element\"><div class=\"h-global-transition-all\"><a href=\"https:\/\/pfadfinder-kirchzarten.de\/index.php\/2018\/01\/03\/daniel-schondorf\/\"><h4 class=\"colibri-word-wrap\">Daniel Sch\u00f6ndorf<\/h4><\/a><\/div><\/div><div data-colibri-id=\"956-c14\" class=\"style-1006 style-local-956-c14 position-relative h-element\"><div class=\"h-global-transition-all\"><div class=\"colibri-post-excerpt\">Mitglieder, Website, Mails<\/div><\/div><\/div><\/div><\/div><\/div><\/div><\/div><\/div><\/div><\/div>\n      \n      \n                    <\/div>\n                <\/div>\n              <\/div>\n            <\/div>\n          <\/div>\n          <div class=\"h-column h-column-container d-flex h-col-lg-auto h-col-md-auto h-col-auto style-603-outer style-local-956-c15-outer\">\n            <div data-colibri-id=\"956-c15\" class=\"d-flex h-flex-basis h-column__inner h-px-lg-2 h-px-md-2 h-px-2 v-inner-lg-2 v-inner-md-2 v-inner-2 style-603 style-local-956-c15 position-relative\">\n              <!---->\n              <!---->\n              <div class=\"w-100 h-y-container h-column__content h-column__v-align flex-basis-100 align-self-lg-start align-self-md-start align-self-start\">\n                <!---->\n                <div data-colibri-id=\"956-c16\" class=\"style-2032 style-local-956-c16 position-relative h-element\">\n                  <!---->\n                <\/div>\n                <div data-colibri-id=\"956-c17\" class=\"h-text h-text-component style-997 style-local-956-c17 position-relative h-element\">\n                  <!---->\n                  <!---->\n                  <div class=\"\">\n                    <p>M\u00f6chten Sie selbst oder Ihr Kind in unserem Stamm aktiv werden oder m\u00f6chten Sie aus anderen Gr\u00fcnden mit uns Kontakt aufnehmen?<\/p>\n                    <p>Sie k\u00f6nnen uns eine unverbindliche Anfrage \u00fcber unten stehendes Formular senden. Wir werden Ihre Anfrage dann sobald als m\u00f6glich bearbeiten und Ihnen eine R\u00fcckmeldung geben.<\/p>\n                  <\/div>\n                <\/div>\n                <div data-colibri-id=\"956-c18\" class=\"position-relative h-element\">\n                  <!---->\n                  <div class=\"h-global-transition-all h-global-transition h-global-transition-all h-contact-form-shortcode--no-style\">\n<div class=\"wpcf7 no-js\" id=\"wpcf7-f3355-o1\" lang=\"de-DE\" dir=\"ltr\" data-wpcf7-id=\"3355\">\n<div class=\"screen-reader-response\"><p role=\"status\" aria-live=\"polite\" aria-atomic=\"true\"><\/p> <ul><\/ul><\/div>\n<form action=\"\/index.php\/wp-json\/wp\/v2\/pages\/956#wpcf7-f3355-o1\" method=\"post\" class=\"wpcf7-form init\" aria-label=\"Kontaktformular\" novalidate=\"novalidate\" data-status=\"init\">\n<fieldset class=\"hidden-fields-container\"><input type=\"hidden\" name=\"_wpcf7\" value=\"3355\" \/><input type=\"hidden\" name=\"_wpcf7_version\" value=\"6.1.6\" \/><input type=\"hidden\" name=\"_wpcf7_locale\" value=\"de_DE\" \/><input type=\"hidden\" name=\"_wpcf7_unit_tag\" value=\"wpcf7-f3355-o1\" \/><input type=\"hidden\" name=\"_wpcf7_container_post\" value=\"0\" \/><input type=\"hidden\" name=\"_wpcf7_posted_data_hash\" value=\"\" \/>\n<\/fieldset>\n<p><label class=\"ts_wpcf7_label\">Name*<br \/>\n<span class=\"wpcf7-form-control-wrap\" data-name=\"contact-name\"><input size=\"40\" maxlength=\"400\" class=\"wpcf7-form-control wpcf7-text wpcf7-validates-as-required\" aria-required=\"true\" aria-invalid=\"false\" value=\"\" type=\"text\" name=\"contact-name\" \/><\/span> <\/label>\n<\/p>\n<p><label class=\"ts_wpcf7_label\">E-Mail-Adresse*<br \/>\n<span class=\"wpcf7-form-control-wrap\" data-name=\"contact-email\"><input size=\"40\" maxlength=\"400\" class=\"wpcf7-form-control wpcf7-email wpcf7-validates-as-required wpcf7-text wpcf7-validates-as-email\" aria-required=\"true\" aria-invalid=\"false\" value=\"\" type=\"email\" name=\"contact-email\" \/><\/span> <\/label>\n<\/p>\n<p><label class=\"ts_wpcf7_label\">Telefonnummer<br \/>\n<span class=\"wpcf7-form-control-wrap\" data-name=\"contact-tel\"><input size=\"40\" maxlength=\"400\" class=\"wpcf7-form-control wpcf7-tel wpcf7-text wpcf7-validates-as-tel\" aria-invalid=\"false\" value=\"\" type=\"tel\" name=\"contact-tel\" \/><\/span><\/label>\n<\/p>\n<p><label class=\"ts_wpcf7_label\">Nachricht *<br \/>\n<span class=\"wpcf7-form-control-wrap\" data-name=\"contact-message\"><textarea cols=\"40\" rows=\"10\" maxlength=\"2000\" class=\"wpcf7-form-control wpcf7-textarea wpcf7-validates-as-required\" aria-required=\"true\" aria-invalid=\"false\" name=\"contact-message\"><\/textarea><\/span> <\/label><br \/>\n<small>mit * markierte Felder sind erforderlich<\/small><br \/>\n<input class=\"wpcf7-form-control wpcf7-submit has-spinner\" type=\"submit\" value=\"Senden\" \/>\n<\/p><div class=\"frc-captcha \" data-sitekey=\"FCMJIGNCQ4D01VUC\" data-lang=\"de\" ><\/div>\n\t\t<noscript>You need to enable Javascript for the anti-spam check.<\/noscript><div class=\"wpcf7-response-output\" aria-hidden=\"true\"><\/div>\n<\/form>\n<\/div>\n<\/div>\n                <\/div>\n              <\/div>\n            <\/div>\n          <\/div>\n        <\/div>\n      <\/div>\n    <\/div>\n  <\/div>\n  <div data-colibri-component=\"section\" data-colibri-id=\"956-c19\" id=\"custom-2\" class=\"h-section h-section-global-spacing d-flex align-items-lg-center align-items-md-center align-items-center style-2015 style-local-956-c19 position-relative\">\n    <!---->\n    <!---->\n    <div class=\"h-section-grid-container h-section-boxed-container\">\n      <!---->\n      <div data-colibri-id=\"956-c20\" class=\"h-row-container gutters-row-lg-1 gutters-row-md-1 gutters-row-0 gutters-row-v-lg-1 gutters-row-v-md-1 gutters-row-v-1 style-2016 style-local-956-c20 position-relative\">\n        <!---->\n        <div class=\"h-row justify-content-lg-center justify-content-md-center justify-content-center align-items-lg-stretch align-items-md-stretch align-items-stretch gutters-col-lg-1 gutters-col-md-1 gutters-col-0 gutters-col-v-lg-1 gutters-col-v-md-1 gutters-col-v-1\">\n          <!---->\n          <div class=\"h-column h-column-container d-flex h-col-lg-auto h-col-md-auto h-col-auto style-2017-outer style-local-956-c21-outer\">\n            <div data-colibri-id=\"956-c21\" class=\"d-flex h-flex-basis h-column__inner h-px-lg-0 h-px-md-0 h-px-0 v-inner-lg-0 v-inner-md-0 v-inner-0 style-2017 style-local-956-c21 position-relative\">\n              <!---->\n              <!---->\n              <div class=\"w-100 h-y-container h-column__content h-column__v-align flex-basis-100 align-self-lg-start align-self-md-start align-self-start\">\n                <!---->\n                <div data-colibri-id=\"956-c22\" class=\"h-global-transition-all h-heading style-2019 style-local-956-c22 position-relative h-element\">\n                  <!---->\n                  <div class=\"h-heading__outer style-2019 style-local-956-c22\">\n                    <!---->\n                    <!---->\n                    <h3 class=\"\">Verbindliche Anmeldung<\/h3>\n                  <\/div>\n                <\/div>\n                <div data-colibri-id=\"956-c23\" class=\"h-text h-text-component style-2020 style-local-956-c23 position-relative h-element\">\n                  <!---->\n                  <!---->\n                  <div class=\"\">\n                    <p>Wenn Sie oder Ihr Kind schon mal schnuppern waren, ist eine offizielle Anmeldung der n\u00e4chste Schritt. Dadurch werden Sie bzw. ihr Kind festes Mitglied bei uns im Stamm und&nbsp;gleichzeitig auch in der DPSG (Deutschen Pfadfinder:innenschaft\n                      Sankt Georg). Vom Mitgliedsbeitrag werden u.a. die Hauptamtlichen der DPSG, die Versicherungen und die Mitgliederzeitschrift bezahlt. Wir als Stamm erheben keinen zus\u00e4tzlichen Stammesbeitrag. Wir finanzieren uns \u00fcber unsere halbj\u00e4hrlichen\n                      Altpapiersammlungen. Das erm\u00f6glicht es uns, den Mitgliedsbeitrag so gering wie m\u00f6glich zu halten. Sie k\u00f6nnen sich jederzeit einfach per formloser Mail an vorstand-dpsg-kiza[at]mailbox.org* wieder abmelden.\n                      <br>\n                    <\/p>\n                    <p>Zur Anmeldung f\u00fcllen Sie einfach den Anmeldebogen aus und senden ihn uns ausgef\u00fcllt und unterschrieben per Mail. Alternativ kann Ihr Kind ihn nat\u00fcrlich auch den Leitenden in der n\u00e4chsten Gruppenstunde mitgeben. Sie k\u00f6nnen uns unsere\n                      Arbeit sehr erleichtern, wenn Sie direkt mit der Anmeldung auch das SEPA-Lastschriftmandat ausgef\u00fcllt und unterschrieben mitschicken.\n                      <br>\n                    <\/p>\n                  <\/div>\n                <\/div>\n                <div data-colibri-id=\"956-c24\" class=\"h-x-container style-2023 style-local-956-c24 position-relative h-element\">\n                  <!---->\n                  <div class=\"h-x-container-inner style-dynamic-956-c24-group style-2023-spacing style-local-956-c24-spacing\"><span class=\"h-button__outer style-2024-outer style-local-956-c25-outer d-inline-flex h-element\"><a h-use-smooth-scroll=\"true\" href=\"https:\/\/pfadfinder-kirchzarten.de\/wp-content\/uploads\/2025\/04\/01-Anmeldebogen-Neumitglieder-2022-4.pdf\" target=\"_blank\"  data-colibri-id=\"956-c25\" class=\"d-flex w-100 align-items-center h-button justify-content-lg-center justify-content-md-center justify-content-center style-2024 style-local-956-c25 position-relative\"><!----><!----> <span>Anmeldung (pdf)<\/span><\/a>\n                    <\/span><span class=\"h-button__outer style-2025-outer style-local-956-c26-outer d-inline-flex h-element\"><a h-use-smooth-scroll=\"true\" href=\"https:\/\/pfadfinder-kirchzarten.de\/wp-content\/uploads\/2025\/04\/02-SEPA_Lastschrift_Kiza-neu.pdf\" target=\"_blank\"  data-colibri-id=\"956-c26\" class=\"d-flex w-100 align-items-center h-button justify-content-lg-center justify-content-md-center justify-content-center style-2025 style-local-956-c26 position-relative\"><!----><!----> <span>Lastschriftmandat (pdf)<\/span><\/a>\n                    <\/span>\n                  <\/div>\n                <\/div>\n              <\/div>\n            <\/div>\n          <\/div>\n          <div class=\"h-column h-column-container d-flex h-col-lg-auto h-col-md-auto h-col-auto style-2018-outer style-local-956-c27-outer\">\n            <div data-colibri-id=\"956-c27\" class=\"d-flex h-flex-basis h-column__inner h-px-lg-0 h-px-md-0 h-px-0 v-inner-lg-0 v-inner-md-0 v-inner-0 style-2018 style-local-956-c27 position-relative\">\n              <!---->\n              <!---->\n              <div class=\"w-100 h-y-container h-column__content h-column__v-align flex-basis-100 align-self-lg-start align-self-md-start align-self-start\">\n                <!---->\n                <div data-colibri-id=\"956-c28\" class=\"h-global-transition-all h-heading style-2026 style-local-956-c28 position-relative h-element\">\n                  <!---->\n                  <div class=\"h-heading__outer style-2026 style-local-956-c28\">\n                    <!---->\n                    <!---->\n                    <h3 class=\"\">Schnupperanmeldung<\/h3>\n                  <\/div>\n                <\/div>\n                <div data-colibri-id=\"956-c29\" class=\"h-text h-text-component style-2027 style-local-956-c29 position-relative h-element\">\n                  <!---->\n                  <!---->\n                  <div class=\"\">\n                    <p>Zum Schnuppern f\u00fcllen Sie bitte die folgende Anmeldung aus und senden\n                      <br>sie uns unterschrieben per Mail an&nbsp;\n                      <br>vorstand-dpsg-kiza[at]mailbox.org*.\n                      <br>\n                      <br>Die Schnupperanmeldung erm\u00f6glicht es, vollkommen kostenfrei f\u00fcr acht Wochen bei allen Aktionen (versichert) dabei zu sein!\n                      <br>Nach acht Wochen ist dann eine verbindliche Anmeldung notwendig.\n                      <br>\n                    <\/p>\n                  <\/div>\n                <\/div>\n                <div data-colibri-id=\"956-c30\" class=\"h-x-container style-2028 style-local-956-c30 position-relative h-element\">\n                  <!---->\n                  <div class=\"h-x-container-inner style-dynamic-956-c30-group style-2028-spacing style-local-956-c30-spacing\"><span class=\"h-button__outer style-2029-outer style-local-956-c31-outer d-inline-flex h-element\"><a h-use-smooth-scroll=\"true\" href=\"\/wp-content\/uploads\/2025\/05\/Schnupperanmeldung_2025.pdf\" target=\"_blank\"  data-colibri-id=\"956-c31\" class=\"d-flex w-100 align-items-center h-button justify-content-lg-center justify-content-md-center justify-content-center style-2029 style-local-956-c31 position-relative\"><!----><!----> <span>Schnupperanmeldung (pdf)<\/span><\/a>\n                    <\/span>\n                  <\/div>\n                <\/div>\n              <\/div>\n            <\/div>\n          <\/div>\n        <\/div>\n      <\/div>\n    <\/div>\n  <\/div>\n<\/div>","protected":false},"excerpt":{"rendered":"<p>Kontakt Die typisches Stammesvorstandsaufgaben (Finanzen, Mitgliederverwaltung, Stammesaktionen u.v.m.) teilen wir als Stamm jedes Jahr erneut in unserer Leitungsrunde zwischen allen Leiter:innen auf. Wir, die gew\u00e4hlten Stammesvorst\u00e4nde Max Selter und Daniel Sch\u00f6ndorf, behalten diese Aufteilung und Durchf\u00fchrung der Aufgaben\/Aktionen im Hintergrund im Blick. Die wichtigsten Kontaktpersonen sind [&hellip;]<\/p>\n","protected":false},"author":3,"featured_media":0,"parent":0,"menu_order":0,"comment_status":"closed","ping_status":"closed","template":"page-templates\/full-width-page.php","meta":{"footnotes":""},"class_list":["post-956","page","type-page","status-publish","hentry"],"_links":{"self":[{"href":"https:\/\/pfadfinder-kirchzarten.de\/index.php\/wp-json\/wp\/v2\/pages\/956","targetHints":{"allow":["GET"]}}],"collection":[{"href":"https:\/\/pfadfinder-kirchzarten.de\/index.php\/wp-json\/wp\/v2\/pages"}],"about":[{"href":"https:\/\/pfadfinder-kirchzarten.de\/index.php\/wp-json\/wp\/v2\/types\/page"}],"author":[{"embeddable":true,"href":"https:\/\/pfadfinder-kirchzarten.de\/index.php\/wp-json\/wp\/v2\/users\/3"}],"replies":[{"embeddable":true,"href":"https:\/\/pfadfinder-kirchzarten.de\/index.php\/wp-json\/wp\/v2\/comments?post=956"}],"version-history":[{"count":20,"href":"https:\/\/pfadfinder-kirchzarten.de\/index.php\/wp-json\/wp\/v2\/pages\/956\/revisions"}],"predecessor-version":[{"id":6789,"href":"https:\/\/pfadfinder-kirchzarten.de\/index.php\/wp-json\/wp\/v2\/pages\/956\/revisions\/6789"}],"wp:attachment":[{"href":"https:\/\/pfadfinder-kirchzarten.de\/index.php\/wp-json\/wp\/v2\/media?parent=956"}],"curies":[{"name":"wp","href":"https:\/\/api.w.org\/{rel}","templated":true}]}}